{"id":1496,"date":"2025-01-24T16:27:29","date_gmt":"2025-01-24T16:27:29","guid":{"rendered":"https:\/\/www.evolit.sk\/?page_id=1496"},"modified":"2025-04-14T12:55:16","modified_gmt":"2025-04-14T12:55:16","slug":"privacy-policy","status":"publish","type":"page","link":"https:\/\/www.evolit.sk\/sk\/privacy-policy\/","title":{"rendered":""},"content":{"rendered":"<div class=\"wp-block-group is-vertical is-layout-flex wp-container-core-group-is-layout-7f181cda wp-block-group-is-layout-flex\" style=\"padding-top:var(--wp--preset--spacing--30);padding-right:4vw;padding-bottom:0;padding-left:4vw\">\n<h2 class=\"wp-block-heading has-ubuntu-font-family\" style=\"font-size:clamp(25.014px, 1.563rem + ((1vw - 3.2px) * 1.93), 42px);\">Preh\u013ead o sprac\u00favan\u00ed osobn\u00fdch \u00fadajov z\u00edskan\u00fdch \nprostredn\u00edctvom webov\u00e9ho kontaktn\u00e9ho formul\u00e1ra<\/h2>\n\n\n\n<p><em>pod\u013ea \u010dl. 13 a 14 Nariadenia Eur\u00f3pskeho parlamentu a rady (EU) 2016\/679 o ochrane fyzick\u00fdch os\u00f4b pri sprac\u00favan\u00ed osobn\u00fdch \n\u00fadajov a o vo\u013enom pohybe tak\u00fdchto \u00fadajov (\u010falej len \u201enariadenie GDPR\u201c) a Z\u00e1kona \u010d. 18\/2018 Z. z. o ochrane osobn\u00fdch \u00fadajov \na o zmene a doplnen\u00ed niektor\u00fdch z\u00e1konov (\u010falej len \u201ez\u00e1kon o OO\u00da\u201c).<\/em><\/p>\n\n\n\n<p>Cie\u013eom tohto preh\u013eadu je poskytn\u00fa\u0165 v\u00e1m z\u00e1kladn\u00e9 inform\u00e1cie o sprac\u00favan\u00ed va\u0161ich osobn\u00fdch \u00fadajov, pokia\u013e n\u00e1m po\u0161lete \nspr\u00e1vu prostredn\u00edctvom webov\u00e9ho kontaktn\u00e9ho formul\u00e1ra.<\/p>\n\n\n\n<h2 class=\"wp-block-heading has-ubuntu-font-family\" style=\"font-size:clamp(25.014px, 1.563rem + ((1vw - 3.2px) * 1.93), 42px);\">Identifika\u010dn\u00e9 a kontaktn\u00e9 \u00fadaje<\/h2>\n\n\n\n<p>Prev\u00e1dzkovate\u013eom sprac\u00favaj\u00facim va\u0161e osobn\u00e9 \u00fadaje je spolo\u010dnos\u0165 Evolit Slovakia s.r.o., Al\u017ebetina 419\/22, 058 01 Poprad, \nI\u010cO: 54787688, email: svk.office@evolit.com (\u010falej len \u201ePrev\u00e1dzkovate\u013e\u201c).<\/p>\n\n\n\n<p>V pr\u00edpade nejasnost\u00ed, ot\u00e1zok t\u00fdkaj\u00facich sa sprac\u00favania va\u0161ich osobn\u00fdch \u00fadajov, podnetov, alebo s\u0165a\u017enost\u00ed, ak sa \ndomnievate, \u017ee va\u0161e osobn\u00e9 \u00fadaje sprac\u00favame nez\u00e1konne, alebo nespravodlivo, alebo v pr\u00edpade uplatnenia niektor\u00e9ho \nz va\u0161ich pr\u00e1v sa na n\u00e1s m\u00f4\u017eete kedyko\u013evek obr\u00e1ti\u0165 zaslan\u00edm emailu: svk.office@evolit.com alebo p\u00edsomne na adresu \nPrev\u00e1dzkovate\u013ea.<\/p>\n\n\n\n<h2 class=\"wp-block-heading has-ubuntu-font-family\" style=\"font-size:clamp(25.014px, 1.563rem + ((1vw - 3.2px) * 1.93), 42px);\">Z\u00e1kladn\u00fd preh\u013ead spracovate\u013esk\u00fdch \u010dinnost\u00ed<\/h2>\n\n\n\n<p>Va\u0161e osobn\u00e9 \u00fadaje m\u00f4\u017eeme sprac\u00fava\u0165 v r\u00e1mci nasledovn\u00fdch spracovate\u013esk\u00fdch \u010dinnost\u00ed (IS):<\/p>\n<\/div>\n\n\n\n<figure class=\"wp-block-table is-style-stripes privacy-policy-table max-w-100vw\" style=\"margin-top:0;margin-right:0;margin-bottom:0;margin-left:0;padding-right:0;padding-left:0\"><table><thead><tr><th>N\u00e1zov a popis spracovate\u013eskej \u010dinnosti - \u00fa\u010del a \npr\u00e1vny z\u00e1klad, in\u00e1 d\u00f4le\u017eit\u00e1 skuto\u010dnos\u0165<\/th><th>Kateg\u00f3rie dotknut\u00fdch os\u00f4b<\/th><th>Kateg\u00f3rie osobn\u00fdch \u00fadajov<\/th><th>Lehota na v\u00fdmaz O\u00da<\/th><th>Kateg\u00f3ria pr\u00edjemcov (extern\u00ed)<\/th><\/tr><\/thead><tbody><tr><td>Webov\u00fd kontaktn\u00fd formul\u00e1r - v pr\u00edpade ak n\u00e1m \npo\u0161lete spr\u00e1vu prostredn\u00edctvom webov\u00e9ho \nkontaktn\u00e9ho formul\u00e1ra, m\u00f4\u017eeme sprac\u00fava\u0165 va\u0161e \nosobn\u00e9 \u00fadaje s cie\u013eom vybavenia va\u0161ej elektronickej kore\u0161pondencie. Pod\u013ea predmetu a obsahu va\u0161ej spr\u00e1vy sa sprac\u00favanie m\u00f4\u017ee vykon\u00e1va\u0165 v r\u00e1mci plnenia zmluvn\u00e9ho vz\u0165ahu alebo predzmluvn\u00e9ho vz\u0165ahu s vami (poskytovanie inform\u00e1ci\u00ed o na\u0161ich produktoch\/slu\u017eb\u00e1ch, rokovanie o zmluve, plnenie zmluvy, vybavovanie reklam\u00e1ci\u00ed a pod.), plnenia z\u00e1konnej povinnosti (napr. oznamovanie \nprotispolo\u010denskej \u010dinnosti, vybavovanie \u017eiadost\u00ed \ndotknut\u00fdch os\u00f4b, spr\u00e1va registrat\u00fary), alebo v r\u00e1mci opr\u00e1vnen\u00e9ho z\u00e1ujmu (napr. vybavovanie s\u0165a\u017enost\u00ed, vedenie evidencie obchodn\u00fdch partnerov, spracovanie neo\u010dak\u00e1vanej\/nevy\u017eiadanej komunik\u00e1cie).<\/td><td>fyzick\u00e9 osoby \u2013 odosielatelia elektronickej kore\u0161pondencie.<\/td><td>osobn\u00e9 \u00fadaje - identifika\u010dn\u00e9 a kontaktn\u00e9 napr. titul, meno, priezvisko, emailov\u00e1 adresa, pr\u00edpadne in\u00e9 \u00fadaje dobrovo\u013ene uveden\u00e9 v r\u00e1mci komunik\u00e1cie.<\/td><td>vedenie kore\u0161pondencie - 5 rokov.<\/td><td>In\u00fd opr\u00e1vnen\u00fd subjekt.<\/td><\/tr><\/tbody><\/table><\/figure>\n\n\n\n<div class=\"wp-block-group is-vertical is-layout-flex wp-container-core-group-is-layout-43585902 wp-block-group-is-layout-flex\" style=\"padding-top:var(--wp--preset--spacing--30);padding-right:4vw;padding-bottom:var(--wp--preset--spacing--30);padding-left:4vw\">\n<h2 class=\"wp-block-heading has-ubuntu-font-family\" style=\"font-size:clamp(17.905px, 1.119rem + ((1vw - 3.2px) * 1.147), 28px);\">Povinnos\u0165 poskytnutia osobn\u00fdch \u00fadajov<\/h2>\n\n\n\n<p>Poskytnutie osobn\u00fdch \u00fadajov vykon\u00e1va dotknut\u00e1 osoba dobrovo\u013ene, z vlastnej iniciat\u00edvy. Pod\u013ea predmetu a obsahu vybavovanej kore\u0161pondencie sa m\u00f4\u017ee vy\u017eadova\u0165 poskytnutie osobn\u00fdch \u00fadajov (plnenie z\u00e1konnej povinnosti, alebo po\u017eiadavky v r\u00e1mci plnenia zmluvn\u00fdch alebo predzmluvn\u00fdch vz\u0165ahov s dotknutou osobou). V pr\u00edpade neposkytnutia osobn\u00fdch \u00fadajov, Prev\u00e1dzkovate\u013e nemus\u00ed by\u0165 schopn\u00fd zabezpe\u010di\u0165 vybavenie elektronickej kore\u0161pondencie.<\/p>\n\n\n\n<h2 class=\"wp-block-heading has-ubuntu-font-family\" style=\"font-size:clamp(17.905px, 1.119rem + ((1vw - 3.2px) * 1.147), 28px);\">Prenos osobn\u00fdch \u00fadajov do tretej krajiny\/medzin\u00e1rodnej organiz\u00e1cii<\/h2>\n\n\n\n<p>Prenos osobn\u00fdch \u00fadajov do tretej krajiny\/medzin\u00e1rodnej organiz\u00e1cii sa nevykon\u00e1va.<\/p>\n\n\n\n<h2 class=\"wp-block-heading has-ubuntu-font-family\" style=\"font-size:clamp(17.905px, 1.119rem + ((1vw - 3.2px) * 1.147), 28px);\">Profilovanie<\/h2>\n\n\n\n<p>Profilovanie sa nevykon\u00e1va.<\/p>\n\n\n\n<h2 class=\"wp-block-heading has-ubuntu-font-family\" style=\"font-size:clamp(17.905px, 1.119rem + ((1vw - 3.2px) * 1.147), 28px);\">Dopl\u0148uj\u00face inform\u00e1cie<\/h2>\n\n\n\n<p>\u00dadaje z niektor\u00fdch vy\u0161\u0161ie uveden\u00fdch spracovate\u013esk\u00fdch oper\u00e1ci\u00ed sa v aplikovate\u013enom pr\u00edpade a v nevyhnutnom rozsahu m\u00f4\u017eu pou\u017ei\u0165 v r\u00e1mci preukazovania, uplat\u0148ovania alebo obhajovania na\u0161ich pr\u00e1vnych n\u00e1rokov, alebo pr\u00e1vnych n\u00e1rokov tretej strany (napr\u00edklad poskytnutie \u00fadajov org\u00e1nom \u010dinn\u00fdm v trestnom konan\u00ed, exek\u00fatorovi, advok\u00e1tom, a pod.), v r\u00e1mci s\u00fadnych, alebo mimos\u00fadnych konan\u00ed, vym\u00e1hania poh\u013ead\u00e1vok a pod. Niektor\u00e9 z\u00edskan\u00e9 osobn\u00e9 \u00fadaje (napr. potvrdenia, z\u00e1znamy, in\u00e9 doklady potvrdzuj\u00face dan\u00fa skuto\u010dnos\u0165 a pod.) sa m\u00f4\u017eu uchov\u00e1va\u0165 a pou\u017e\u00edva\u0165 ako \u201ed\u00f4kaz\u201c pre \u00fa\u010dely auditov, kontrolnej \u010dinnosti zo strany tret\u00edch str\u00e1n, v r\u00e1mci overovania riadneho plnenia povinnost\u00ed Prev\u00e1dzkovate\u013ea v zmysle legislat\u00edvnych po\u017eiadaviek, alebo in\u00fdch po\u017eiadaviek (zmluvn\u00fdch, sektorov\u00fdch a pod.).<\/p>\n\n\n\n<h2 class=\"wp-block-heading has-ubuntu-font-family\" style=\"font-size:clamp(25.014px, 1.563rem + ((1vw - 3.2px) * 1.93), 42px);\">Va\u0161e pr\u00e1va<\/h2>\n\n\n\n<p>Ako dotknut\u00e1 osoba, o ktorej sprac\u00favame osobn\u00e9 \u00fadaje, m\u00e1te v zmysle nariadenia GDPR a z\u00e1kona o OO\u00da pr\u00e1va v s\u00favislosti so sprac\u00favan\u00edm osobn\u00fdch \u00fadajov, a to pr\u00e1vo po\u017eadova\u0165 od Prev\u00e1dzkovate\u013ea pr\u00edstup k osobn\u00fdm \u00fadajom, ktor\u00e9 s\u00fa o v\u00e1s sprac\u00favan\u00e9, pr\u00e1vo na opravu (pr\u00edp. doplnenie) osobn\u00fdch \u00fadajov, pr\u00e1vo na vymazanie, alebo obmedzenie sprac\u00favania osobn\u00fdch \u00fadajov, pr\u00e1vo namieta\u0165 vo\u010di sprac\u00favaniu osobn\u00fdch \u00fadajov, pr\u00e1vo na ne\u00fa\u010dinnos\u0165 automatizovan\u00e9ho individu\u00e1lneho rozhodovania vr\u00e1tane profilovania, pr\u00e1vo na prenosnos\u0165 osobn\u00fdch \u00fadajov, pr\u00e1vo odvola\u0165 s\u00fahlas so sprac\u00favan\u00edm osobn\u00fdch \u00fadajov. V pr\u00edpade, ak sa rozhodnete vyu\u017ei\u0165 niektor\u00e9 zo svojich pr\u00e1v, m\u00f4\u017eete na to vyu\u017ei\u0165 n\u00e1\u0161 formul\u00e1r \u017eiadosti, ktor\u00fd je dostupn\u00fd na vy\u017eiadanie. V pr\u00edpade, ak nie ste spokojn\u00fd s na\u0161ou odpove\u010fou, alebo sa domnievate, \u017ee sme poru\u0161ili va\u0161e pr\u00e1va, alebo sprac\u00favame va\u0161e osobn\u00e9 \u00fadaje nespravodlivo, nez\u00e1konne a pod. m\u00e1te mo\u017enos\u0165 poda\u0165 s\u0165a\u017enos\u0165 \u2013 n\u00e1vrh na za\u010datie konania dozorn\u00e9mu org\u00e1nu, ktor\u00fdm je \u00darad na ochranu osobn\u00fdch \u00fadajov Slovenskej republiky.<\/p>\n<\/div>","protected":false},"excerpt":{"rendered":"<p>Overview of Personal Data Processing via the Web Contact Form according to Regulation (EU) 2016\/679 of the European Parliament and the Council on the protection of natural persons with regard to the processing of personal data and on the free movement of such data (hereinafter referred to as the &#8220;GDPR Regulation&#8221;) and Act No. 18\/2018 [&hellip;]<\/p>","protected":false},"author":7,"featured_media":0,"parent":0,"menu_order":0,"comment_status":"closed","ping_status":"closed","template":"","meta":{"cybocfi_hide_featured_image":"","footnotes":""},"class_list":["post-1496","page","type-page","status-publish","hentry"],"yoast_head":"<!-- This site is optimized with the Yoast SEO plugin v25.4 - https:\/\/yoast.com\/wordpress\/plugins\/seo\/ -->\n<title>Evolit Slovakia | your software partner | Privacy Policy<\/title>\n<meta name=\"description\" content=\"Delivering tailored IT solutions for logistics, mobility, and public transport, Evolit Slovakia empowers businesses with innovative software development.\" \/>\n<meta name=\"robots\" content=\"index, follow, max-snippet:-1, max-image-preview:large, max-video-preview:-1\" \/>\n<link rel=\"canonical\" href=\"https:\/\/www.evolit.sk\/sk\/privacy-policy\/\" \/>\n<meta property=\"og:locale\" content=\"sk_SK\" \/>\n<meta property=\"og:type\" content=\"article\" \/>\n<meta property=\"og:title\" content=\"Evolit Slovakia | your software partner | Privacy Policy\" \/>\n<meta property=\"og:description\" content=\"Delivering tailored IT solutions for logistics, mobility, and public transport, Evolit Slovakia empowers businesses with innovative software development.\" \/>\n<meta property=\"og:url\" content=\"https:\/\/www.evolit.sk\/sk\/privacy-policy\/\" \/>\n<meta property=\"og:site_name\" content=\"your software partner\" \/>\n<meta property=\"article:modified_time\" content=\"2025-04-14T12:55:16+00:00\" \/>\n<meta name=\"twitter:card\" content=\"summary_large_image\" \/>\n<meta name=\"twitter:label1\" content=\"Predpokladan\u00fd \u010das \u010d\u00edtania\" \/>\n\t<meta name=\"twitter:data1\" content=\"4 min\u00faty\" \/>\n<script type=\"application\/ld+json\" class=\"yoast-schema-graph\">{\"@context\":\"https:\/\/schema.org\",\"@graph\":[{\"@type\":\"WebPage\",\"@id\":\"https:\/\/www.evolit.sk\/privacy-policy\/\",\"url\":\"https:\/\/www.evolit.sk\/privacy-policy\/\",\"name\":\"Evolit Slovakia | your software partner | Privacy Policy\",\"isPartOf\":{\"@id\":\"https:\/\/www.evolit.sk\/#website\"},\"datePublished\":\"2025-01-24T16:27:29+00:00\",\"dateModified\":\"2025-04-14T12:55:16+00:00\",\"description\":\"Delivering tailored IT solutions for logistics, mobility, and public transport, Evolit Slovakia empowers businesses with innovative software development.\",\"inLanguage\":\"sk-SK\",\"potentialAction\":[{\"@type\":\"ReadAction\",\"target\":[\"https:\/\/www.evolit.sk\/privacy-policy\/\"]}]},{\"@type\":\"WebSite\",\"@id\":\"https:\/\/www.evolit.sk\/#website\",\"url\":\"https:\/\/www.evolit.sk\/\",\"name\":\"your software partner\",\"description\":\"\",\"publisher\":{\"@id\":\"https:\/\/www.evolit.sk\/#organization\"},\"potentialAction\":[{\"@type\":\"SearchAction\",\"target\":{\"@type\":\"EntryPoint\",\"urlTemplate\":\"https:\/\/www.evolit.sk\/?s={search_term_string}\"},\"query-input\":{\"@type\":\"PropertyValueSpecification\",\"valueRequired\":true,\"valueName\":\"search_term_string\"}}],\"inLanguage\":\"sk-SK\"},{\"@type\":\"Organization\",\"@id\":\"https:\/\/www.evolit.sk\/#organization\",\"name\":\"your software partner\",\"url\":\"https:\/\/www.evolit.sk\/\",\"logo\":{\"@type\":\"ImageObject\",\"inLanguage\":\"sk-SK\",\"@id\":\"https:\/\/www.evolit.sk\/#\/schema\/logo\/image\/\",\"url\":\"https:\/\/www.evolit.sk\/wp-content\/uploads\/2024\/08\/Logo-Evolit-SK-RGB.png\",\"contentUrl\":\"https:\/\/www.evolit.sk\/wp-content\/uploads\/2024\/08\/Logo-Evolit-SK-RGB.png\",\"width\":1005,\"height\":453,\"caption\":\"your software partner\"},\"image\":{\"@id\":\"https:\/\/www.evolit.sk\/#\/schema\/logo\/image\/\"}}]}<\/script>\n<!-- \/ Yoast SEO plugin. -->","yoast_head_json":{"title":"Evolit Slovakia | your software partner | Privacy Policy","description":"Delivering tailored IT solutions for logistics, mobility, and public transport, Evolit Slovakia empowers businesses with innovative software development.","robots":{"index":"index","follow":"follow","max-snippet":"max-snippet:-1","max-image-preview":"max-image-preview:large","max-video-preview":"max-video-preview:-1"},"canonical":"https:\/\/www.evolit.sk\/sk\/privacy-policy\/","og_locale":"sk_SK","og_type":"article","og_title":"Evolit Slovakia | your software partner | Privacy Policy","og_description":"Delivering tailored IT solutions for logistics, mobility, and public transport, Evolit Slovakia empowers businesses with innovative software development.","og_url":"https:\/\/www.evolit.sk\/sk\/privacy-policy\/","og_site_name":"your software partner","article_modified_time":"2025-04-14T12:55:16+00:00","twitter_card":"summary_large_image","twitter_misc":{"Predpokladan\u00fd \u010das \u010d\u00edtania":"4 min\u00faty"},"schema":{"@context":"https:\/\/schema.org","@graph":[{"@type":"WebPage","@id":"https:\/\/www.evolit.sk\/privacy-policy\/","url":"https:\/\/www.evolit.sk\/privacy-policy\/","name":"Evolit Slovakia | your software partner | Privacy Policy","isPartOf":{"@id":"https:\/\/www.evolit.sk\/#website"},"datePublished":"2025-01-24T16:27:29+00:00","dateModified":"2025-04-14T12:55:16+00:00","description":"Delivering tailored IT solutions for logistics, mobility, and public transport, Evolit Slovakia empowers businesses with innovative software development.","inLanguage":"sk-SK","potentialAction":[{"@type":"ReadAction","target":["https:\/\/www.evolit.sk\/privacy-policy\/"]}]},{"@type":"WebSite","@id":"https:\/\/www.evolit.sk\/#website","url":"https:\/\/www.evolit.sk\/","name":"your software partner","description":"","publisher":{"@id":"https:\/\/www.evolit.sk\/#organization"},"potentialAction":[{"@type":"SearchAction","target":{"@type":"EntryPoint","urlTemplate":"https:\/\/www.evolit.sk\/?s={search_term_string}"},"query-input":{"@type":"PropertyValueSpecification","valueRequired":true,"valueName":"search_term_string"}}],"inLanguage":"sk-SK"},{"@type":"Organization","@id":"https:\/\/www.evolit.sk\/#organization","name":"your software partner","url":"https:\/\/www.evolit.sk\/","logo":{"@type":"ImageObject","inLanguage":"sk-SK","@id":"https:\/\/www.evolit.sk\/#\/schema\/logo\/image\/","url":"https:\/\/www.evolit.sk\/wp-content\/uploads\/2024\/08\/Logo-Evolit-SK-RGB.png","contentUrl":"https:\/\/www.evolit.sk\/wp-content\/uploads\/2024\/08\/Logo-Evolit-SK-RGB.png","width":1005,"height":453,"caption":"your software partner"},"image":{"@id":"https:\/\/www.evolit.sk\/#\/schema\/logo\/image\/"}}]}},"_links":{"self":[{"href":"https:\/\/www.evolit.sk\/sk\/wp-json\/wp\/v2\/pages\/1496","targetHints":{"allow":["GET"]}}],"collection":[{"href":"https:\/\/www.evolit.sk\/sk\/wp-json\/wp\/v2\/pages"}],"about":[{"href":"https:\/\/www.evolit.sk\/sk\/wp-json\/wp\/v2\/types\/page"}],"author":[{"embeddable":true,"href":"https:\/\/www.evolit.sk\/sk\/wp-json\/wp\/v2\/users\/7"}],"replies":[{"embeddable":true,"href":"https:\/\/www.evolit.sk\/sk\/wp-json\/wp\/v2\/comments?post=1496"}],"version-history":[{"count":8,"href":"https:\/\/www.evolit.sk\/sk\/wp-json\/wp\/v2\/pages\/1496\/revisions"}],"predecessor-version":[{"id":2139,"href":"https:\/\/www.evolit.sk\/sk\/wp-json\/wp\/v2\/pages\/1496\/revisions\/2139"}],"wp:attachment":[{"href":"https:\/\/www.evolit.sk\/sk\/wp-json\/wp\/v2\/media?parent=1496"}],"curies":[{"name":"wp","href":"https:\/\/api.w.org\/{rel}","templated":true}]}}